{"id":845,"date":"2019-08-30T10:49:28","date_gmt":"2019-08-30T17:49:28","guid":{"rendered":"http:\/\/lichenportal.org\/help-resources\/?page_id=845"},"modified":"2019-10-17T16:09:50","modified_gmt":"2019-10-17T23:09:50","slug":"reunion-del-grupo-latinoamericano-de-liquenologos-glal-xiii","status":"publish","type":"page","link":"https:\/\/help.lichenportal.org\/index.php\/es\/chlal-ayuda-y-recursos\/reunion-del-grupo-latinoamericano-de-liquenologos-glal-xiii\/","title":{"rendered":"Reuni\u00f3n del Grupo Latinoam\u00e9ricano de Liquenol\u00f3gos (GLAL XIII)"},"content":{"rendered":"\n<h4 class=\"wp-block-heading\">( Iquique, Chile &#8211; 2017)<\/h4>\n\n\n\n<h3 class=\"wp-block-heading\">Establecer un Consorcio de Herbarios de L\u00edquenes en Am\u00e9rica Latina (<em>CHLAL<\/em>) <\/h3>\n\n\n\n<iframe loading=\"lazy\" src=\"https:\/\/docs.google.com\/presentation\/d\/e\/2PACX-1vQjLsSBzaO72t17bPMnwyKpr15baoBxgp6VGZcCnop-Ddlv4G3wDOgYHUXGcly8ZJx4aPuQETC8J2ff\/embed?start=false&amp;loop=false&amp;delayms=3000\" allowfullscreen=\"true\" mozallowfullscreen=\"true\" webkitallowfullscreen=\"true\" width=\"700\" height=\"450\" frameborder=\"0\"><\/iframe>\n\n\n<p><!--EndFragment--><\/p>","protected":false},"excerpt":{"rendered":"<p>( Iquique, Chile &#8211; 2017) Establecer un Consorcio de Herbarios de L\u00edquenes en Am\u00e9rica Latina (CHLAL)<\/p>\n","protected":false},"author":6,"featured_media":0,"parent":735,"menu_order":21,"comment_status":"closed","ping_status":"closed","template":"","meta":{"footnotes":""},"class_list":["post-845","page","type-page","status-publish","hentry"],"_links":{"self":[{"href":"https:\/\/help.lichenportal.org\/index.php\/wp-json\/wp\/v2\/pages\/845","targetHints":{"allow":["GET"]}}],"collection":[{"href":"https:\/\/help.lichenportal.org\/index.php\/wp-json\/wp\/v2\/pages"}],"about":[{"href":"https:\/\/help.lichenportal.org\/index.php\/wp-json\/wp\/v2\/types\/page"}],"author":[{"embeddable":true,"href":"https:\/\/help.lichenportal.org\/index.php\/wp-json\/wp\/v2\/users\/6"}],"replies":[{"embeddable":true,"href":"https:\/\/help.lichenportal.org\/index.php\/wp-json\/wp\/v2\/comments?post=845"}],"version-history":[{"count":2,"href":"https:\/\/help.lichenportal.org\/index.php\/wp-json\/wp\/v2\/pages\/845\/revisions"}],"predecessor-version":[{"id":860,"href":"https:\/\/help.lichenportal.org\/index.php\/wp-json\/wp\/v2\/pages\/845\/revisions\/860"}],"up":[{"embeddable":true,"href":"https:\/\/help.lichenportal.org\/index.php\/wp-json\/wp\/v2\/pages\/735"}],"wp:attachment":[{"href":"https:\/\/help.lichenportal.org\/index.php\/wp-json\/wp\/v2\/media?parent=845"}],"curies":[{"name":"wp","href":"https:\/\/api.w.org\/{rel}","templated":true}]}}