{"id":707,"date":"2019-08-28T14:57:41","date_gmt":"2019-08-28T21:57:41","guid":{"rendered":"http:\/\/lichenportal.org\/help-resources\/?page_id=707"},"modified":"2025-03-26T12:05:04","modified_gmt":"2025-03-26T19:05:04","slug":"renombrar-archivos-de-imagenes-automaticamente","status":"publish","type":"page","link":"https:\/\/help.lichenportal.org\/index.php\/es\/recursos\/renombrar-archivos-de-imagenes-automaticamente\/","title":{"rendered":"Renombrar Archivos de Im\u00e1genes Autom\u00e1ticamente (BarcodeRenamer \u2013 version antigua)"},"content":{"rendered":"\n<p><span style=\"color: red;\"><strong>Este version es un software viejo, para la versi\u00f3n m\u00e1s reciente revisa la pagina de <a href=\"https:\/\/help.lichenportal.org\/index.php\/es\/renombrar-archivos-de-imagenes-automaticamente-bcrwatcher-nueva-version\/\" data-type=\"link\" data-id=\"https:\/\/help.lichenportal.org\/index.php\/en\/resources\/renaming-image-files-automatically\/\">BCRWatcher<\/a> <\/strong><\/span><br><span style=\"color: red;\"><strong>(<\/strong>hasta ahora los instrucciones solamente disponibles en ingles)&#8230;<\/span><\/p>\n\n\n\n<h2 class=\"wp-block-heading has-large-font-size\">Barcode Renamer (versi\u00f3n 2.1.1.0.)<\/h2>\n\n\n\n<p> <strong>\u2013  un programa de Daryl Lafferty, Arizona State University<\/strong> <strong> \u2013 <\/strong><\/p>\n\n\n\n<p>Cuando ustedes utilizan un flujo de trabajo estandardizado para digitalizar sus espec\u00edmenes, puede ser muy \u00fatil cambiar el nombre del archivo del imagen utilizando el n\u00famero del cat\u00e1logo autom\u00e1ticamente. As\u00ed los archivos tienen nombres \u00fanicos directamente relacionados a los espec\u00edmenes (y\/o su etiqueta). El proceso de renombrar los archivos puede ser facilitado utilizando c\u00f3digos de barra.<\/p>\n\n\n\n<p> El programa Barcode Renamer puede leer un c\u00f3digo de barra dentro de un imagen y cambiar el nombre del archivo autom\u00e1ticamente por este c\u00f3digo de barra.<\/p>\n\n\n\n<p>En la Universidad Estatal de Arizona utilizamos este programa regularmente para digitalizar muestras de Plantas Vasculares y subir las im\u00e1genes al <a rel=\"noreferrer noopener\" aria-label=\"SEINet (opens in a new tab)\" href=\"http:\/\/swbiodiversity.org\/seinet\/\" target=\"_blank\">SEINet<\/a>.<br>Todavia estamos trabajando en establecer un flujo de trabajo, es decir una rutina para digitalizar espec\u00edmenes de l\u00edquenes tambien.<\/p>\n\n\n\n<div class=\"wp-block-file\"><a href=\"https:\/\/help.lichenportal.org\/wp-content\/uploads\/2020\/12\/BarcodeRenamer_2020-12-01.zip\">BarcodeRenamer_2020-12-01<\/a><a href=\"https:\/\/help.lichenportal.org\/wp-content\/uploads\/2020\/12\/BarcodeRenamer_2020-12-01.zip\" class=\"wp-block-file__button wp-element-button\" download>Download<\/a><\/div>\n\n\n\n<p>The download contains a Zip Archive with these two files:<\/p>\n\n\n\n<p>Este archivo comprimido de Zip incluye el programa <em>BCR.exe<\/em> para ejecutar el programa. Desde del programa usted tiene que navegar a la carpeta donde sus im\u00e1genes est\u00e1n guardadas y asegurarse que el programa puede leer el c\u00f3digo de barra seg\u00fan la orientaci\u00f3n de la foto y la posici\u00f3n del c\u00f3digo en la foto. Si usted toma pares de<em> RAW+JPG<\/em>, es importante configurar el programa para &#8220;<em>Rename Raw Files<\/em>&#8220;. <br>El archivo comprimido de Zip contiene estos dos archivos:<\/p>\n\n\n\n<p><em><strong>BCR.exe<\/strong><\/em> \u2014 el programa ejecutable; para ponerlo en una carpeta y correrlo desde all\u00ed; si ustedes lo usan frecuentemente pueden ejecutarlo por un acceso directo.<br><strong><em>Config.txt<\/em><\/strong> \u2014 el archivo de configuraci\u00f3n con los par\u00e1metros para su etiquetas; hay que ponerlo en la misma carpeta como el archivo ejecutable.<\/p>\n\n\n\n<p>El programa funciona muy bien con im\u00e1genes de espec\u00edmenes de plantas vasculares en su tama\u00f1o regular, pero hay la opci\u00f3n de configurar-lo para tambi\u00e9n cambiar el nombre de im\u00e1genes de etiquetas y\/o de fotograf\u00edas macro. <font color=\"red\">Le pedimos sus reportes de errores y sus sugerencias: <\/font><a href=\"mailto: CHLAL.help@gmail.com\">CHLAL.help@gmail.com<\/a><\/p>\n","protected":false},"excerpt":{"rendered":"<p>Este version es un software viejo, para la versi\u00f3n m\u00e1s reciente revisa la pagina de BCRWatcher (hasta ahora los instrucciones solamente disponibles en ingles)&#8230; Barcode Renamer (versi\u00f3n 2.1.1.0.) \u2013 un programa de Daryl Lafferty, Arizona State University \u2013 Cuando ustedes utilizan un flujo de trabajo estandardizado para digitalizar sus espec\u00edmenes, puede ser muy \u00fatil cambiar <a href=\"https:\/\/help.lichenportal.org\/index.php\/es\/recursos\/renombrar-archivos-de-imagenes-automaticamente\/\" class=\"more-link\">&#8230;<span class=\"screen-reader-text\">  Renombrar Archivos de Im\u00e1genes Autom\u00e1ticamente (BarcodeRenamer \u2013 version antigua)<\/span><\/a><\/p>\n","protected":false},"author":2,"featured_media":0,"parent":698,"menu_order":17,"comment_status":"closed","ping_status":"closed","template":"","meta":{"footnotes":""},"class_list":["post-707","page","type-page","status-publish","hentry"],"_links":{"self":[{"href":"https:\/\/help.lichenportal.org\/index.php\/wp-json\/wp\/v2\/pages\/707","targetHints":{"allow":["GET"]}}],"collection":[{"href":"https:\/\/help.lichenportal.org\/index.php\/wp-json\/wp\/v2\/pages"}],"about":[{"href":"https:\/\/help.lichenportal.org\/index.php\/wp-json\/wp\/v2\/types\/page"}],"author":[{"embeddable":true,"href":"https:\/\/help.lichenportal.org\/index.php\/wp-json\/wp\/v2\/users\/2"}],"replies":[{"embeddable":true,"href":"https:\/\/help.lichenportal.org\/index.php\/wp-json\/wp\/v2\/comments?post=707"}],"version-history":[{"count":14,"href":"https:\/\/help.lichenportal.org\/index.php\/wp-json\/wp\/v2\/pages\/707\/revisions"}],"predecessor-version":[{"id":2955,"href":"https:\/\/help.lichenportal.org\/index.php\/wp-json\/wp\/v2\/pages\/707\/revisions\/2955"}],"up":[{"embeddable":true,"href":"https:\/\/help.lichenportal.org\/index.php\/wp-json\/wp\/v2\/pages\/698"}],"wp:attachment":[{"href":"https:\/\/help.lichenportal.org\/index.php\/wp-json\/wp\/v2\/media?parent=707"}],"curies":[{"name":"wp","href":"https:\/\/api.w.org\/{rel}","templated":true}]}}