{"id":705,"date":"2019-08-28T14:57:05","date_gmt":"2019-08-28T21:57:05","guid":{"rendered":"http:\/\/lichenportal.org\/help-resources\/?page_id=705"},"modified":"2025-03-27T08:50:26","modified_gmt":"2025-03-27T15:50:26","slug":"imprimir-etiquetas","status":"publish","type":"page","link":"https:\/\/help.lichenportal.org\/index.php\/es\/recursos\/imprimir-etiquetas\/","title":{"rendered":"Imprimir Etiquetas"},"content":{"rendered":"\n<h2 class=\"wp-block-heading has-large-font-size\">LichenLabler<\/h2>\n\n\n\n<p>\u2013 <strong><strong>un programa de Daryl Lafferty, Arizona State University<\/strong><\/strong> \u2013<\/p>\n\n\n\n<p>______________________________________________________________________________________<\/p>\n\n\n\n<p class=\"has-medium-font-size\"><font color=\"red\">Nuevo en &#8230;<\/font><\/p>\n\n\n\n<p class=\"has-small-font-size\"><a href=\"#top\">\u2191 volver al inicio<\/a><\/p>\n\n\n\n<p><strong>Versi\u00f3n 1.10.4<\/strong><br>En esta versi\u00f3n, los t\u00edtulos &#8220;<em>Lichens of<\/em>\u2026&#8221; y &#8220;<em>Bryophytes of<\/em>\u2026&#8221; ahora aparecen centrados entre la marca de plegado izquierda y el c\u00f3digo de barras derecho. Esto significa que incluso los t\u00edtulos m\u00e1s largos suelen caber en una l\u00ednea y no necesitan encajar en la siguiente. Al imprimir etiquetas duplicadas, ahora es posible modificar el texto &#8220;Duplicate ex\u2026&#8221;, por ejemplo, &#8220;<em>Duplicate ex ASU<\/em>&#8221; o &#8220;<em>Duplicate ex ASU Lichen Herbarium<\/em>&#8220;, etc. Para permitir un texto duplicado m\u00e1s largo, este aparece centrado en la parte inferior de la etiqueta. Puede imprimirse en negrita o en fuente normal.<\/p>\n\n\n\n<p><font color=\"red\">Aseg\u00farese de utilizar el archivo de configuraci\u00f3n &#8216;LichenLabelConfig.txt&#8217; distribuido con esta nueva versi\u00f3n; de lo contrario, el programa se interrumpir\u00e1.<\/font><\/p>\n\n\n\n<p><font color=\"red\"><strong>Para la version m\u00e1s reciente por favor se dirige a la <a href=\"https:\/\/help.lichenportal.org\/index.php\/en\/resources\/printing-labels\/\" data-type=\"link\" data-id=\"https:\/\/help.lichenportal.org\/index.php\/en\/resources\/printing-labels\/\">pagina en ingles<\/a> (estamos trabajando en actualizar la versi\u00f3n en espa\u00f1ol).<\/strong><\/font><\/p>\n\n\n\n<p><strong>Versi\u00f3n 1.4.1.0:<\/strong><br>Ahorra se puede imprimir etiquetas con el texto entre comillas.<\/p>\n\n\n\n<p><strong>Versi\u00f3n 1.4.0.0:<\/strong><br>El programa ahorra facilita imprimir cualquier tipo de etiqueta directamente en un sobre, quiere decir ahorra usted puede cambiar el t\u00edtulo de sus etiquetas desde &#8220;<em><strong>Lichens of<\/strong><\/em> &#8230;&#8221; a cualquier otra cosa, pro ejemplo &#8220;<em><strong>L\u00edquenes de<\/strong><\/em> &#8230;&#8221;.<\/p>\n\n\n\n<p>Las opciones para formatear etiquetas en el consorcio son bien limitada.<\/p>\n\n\n\n<p>As\u00ed en la Universidad Estatal de Arizona estamos usando un peque\u00f1o programa de Daryl Lafferty para imprimir etiquetas directamente en una hoja de papel (formato carta) para que se puede doblar el papel en un sobre para l\u00edquenes (la etiqueta incluye la opci\u00f3n de imprimir el n\u00famero del catalogo como c\u00f3digo de barra).<\/p>\n\n\n\n<p>______________________________________________________________________________________<\/p>\n\n\n\n<p class=\"has-medium-font-size\"><strong>Bajar el Programa &amp; Instrucciones para Installacion:<\/strong><\/p>\n\n\n\n<p class=\"has-small-font-size\"><a href=\"#top\">\u2191 volver al inicio<\/a><\/p>\n\n\n\n<div class=\"wp-block-file\"><a id=\"wp-block-file--media-259985a5-bf2e-44b5-b2e0-4ca51a5ab48e\" href=\"https:\/\/help.lichenportal.org\/wp-content\/uploads\/2025\/03\/LichenLabeler.1.10.4.zip\">LichenLabeler.1.10.4<\/a><a href=\"https:\/\/help.lichenportal.org\/wp-content\/uploads\/2025\/03\/LichenLabeler.1.10.4.zip\" class=\"wp-block-file__button wp-element-button\" download aria-describedby=\"wp-block-file--media-259985a5-bf2e-44b5-b2e0-4ca51a5ab48e\">Download<\/a><\/div>\n\n\n\n<p>Para utilizar este programa usted tiene que extraer el archivo de Zip en una carpeta de su disco duro (ej., C:\\LichenLabler). El Archivo Zip contiene los siguientes archivos proprios:<\/p>\n\n\n\n<ul class=\"wp-block-list\">\n<li><strong>LichenLabeler.exe<\/strong> = el programa (doble-clic para ejecutar)<\/li>\n\n\n\n<li><strong>LichenLabelConfig.txt<\/strong> = los par\u00e1metros de configuraci\u00f3n<\/li>\n\n\n\n<li><strong>2018-10-03_ASU_lichen-label_EXAMPLE.csv<\/strong> = un ejemplo de datos del consorcio<\/li>\n\n\n\n<li><strong>ASU_Example-label.pdf<\/strong> = un ejemplo de un paquete con etiqueta que utilizamos aqu\u00ed en la Universidad Estatal de Arizona (ASU)<\/li>\n<\/ul>\n\n\n\n<p>______________________________________________________________________________________<\/p>\n\n\n\n<p class=\"has-medium-font-size\"><strong>Configuraci\u00f3n:<\/strong><\/p>\n\n\n\n<p class=\"has-small-font-size\"><a href=\"#top\">\u2191 volver al inicio<\/a><\/p>\n\n\n\n<p>Usted puede cambiar la configuraci\u00f3n del programa en el archivo <em>LichenLabelConfig.txt<\/em> as\u00ed:<\/p>\n\n\n\n<p><strong>Top 800<\/strong> = la distancia de la etiqueta hasta el margen arriba de la hoja de papel<br><strong>Left 165<\/strong> = la distancia del margen desde de la izquierda<br><strong>Right 675<\/strong> = la distancia del margen desde de la derecha<br><strong>Bottom 1000<\/strong> = la distancia del margen desde de la parte abajo<br><strong>BarHeight 25<\/strong> = tama\u00f1o del c\u00f3digo de barra<br><strong>FontSize 8<\/strong> = tama\u00f1o de las letras<br><strong>SciNameFont<\/strong> 12 = tama\u00f1o del genero + ep\u00edteto especifico<br><strong>LineSpacing 15<\/strong> = espacio entre las lineas<br><strong>Title ASU Lichen Herbarium <\/strong>= el t\u00edtulo arriba del codigo de barra<\/p>\n\n\n\n<p>Esta nueva versi\u00f3n del  LichenLabeler (ver. 1.4.0.0) ahorra incluye esta nueva opci\u00f3n: <br>Es posible a\u00f1adir una opci\u00f3n adicional en la configuraci\u00f3n del programa <em>LichenLabelConfig.txt:<\/em><\/p>\n\n\n\n<p><strong>Prefix<\/strong> = Ahorra usted puede cambiar el texto &#8220;<strong>Lichens of<\/strong> &#8230;&#8221; con cualquier otro texto, por ejemolo &#8220;<strong>Bryophytes of<\/strong> &#8230;&#8221; o &#8220;<strong>L\u00edquenes de<\/strong> &#8230;&#8221; o cualquier otro texto.<\/p>\n\n\n\n<p>______________________________________________________________________________________<\/p>\n\n\n\n<p class=\"has-medium-font-size\"><strong>Bajar Datos del Consorcio:<\/strong><\/p>\n\n\n\n<p class=\"has-small-font-size\"><a href=\"#top\">\u2191 volver al inicio<\/a><\/p>\n\n\n\n<p>Antes de utilizar el programa para imprimir etiquetas usted necesite bajar sus datos para imprimir las etiquetas en formato CSV:<\/p>\n\n\n\n<figure class=\"wp-block-image\"><img loading=\"lazy\" decoding=\"async\" width=\"1024\" height=\"532\" src=\"http:\/\/help.lichenportal.org\/wp-content\/uploads\/2019\/06\/01_CNALH_Print-Labels-1024x532.jpg\" alt=\"\" class=\"wp-image-328\" srcset=\"https:\/\/help.lichenportal.org\/wp-content\/uploads\/2019\/06\/01_CNALH_Print-Labels-1024x532.jpg 1024w, https:\/\/help.lichenportal.org\/wp-content\/uploads\/2019\/06\/01_CNALH_Print-Labels-300x156.jpg 300w, https:\/\/help.lichenportal.org\/wp-content\/uploads\/2019\/06\/01_CNALH_Print-Labels.jpg 1103w\" sizes=\"auto, (max-width: 1024px) 100vw, 1024px\" \/><figcaption class=\"wp-element-caption\">Data Editor Control Panel &#8211; Print Specimen Labels<\/figcaption><\/figure>\n\n\n\n<figure class=\"wp-block-image\"><img loading=\"lazy\" decoding=\"async\" width=\"1024\" height=\"694\" src=\"http:\/\/help.lichenportal.org\/wp-content\/uploads\/2019\/06\/02_CNALH_Print-Labels_select-project-1024x694.jpg\" alt=\"\" class=\"wp-image-330\" srcset=\"https:\/\/help.lichenportal.org\/wp-content\/uploads\/2019\/06\/02_CNALH_Print-Labels_select-project-1024x694.jpg 1024w, https:\/\/help.lichenportal.org\/wp-content\/uploads\/2019\/06\/02_CNALH_Print-Labels_select-project-300x203.jpg 300w, https:\/\/help.lichenportal.org\/wp-content\/uploads\/2019\/06\/02_CNALH_Print-Labels_select-project.jpg 1107w\" sizes=\"auto, (max-width: 1024px) 100vw, 1024px\" \/><figcaption class=\"wp-element-caption\">Label Printing &#8211; Configure Print Query<\/figcaption><\/figure>\n\n\n\n<figure class=\"wp-block-image\"><img loading=\"lazy\" decoding=\"async\" width=\"1024\" height=\"856\" src=\"http:\/\/help.lichenportal.org\/wp-content\/uploads\/2019\/06\/03_CNALH_Print-Labels_download-CSV-2-1024x856.jpg\" alt=\"\" class=\"wp-image-334\" srcset=\"https:\/\/help.lichenportal.org\/wp-content\/uploads\/2019\/06\/03_CNALH_Print-Labels_download-CSV-2-1024x856.jpg 1024w, https:\/\/help.lichenportal.org\/wp-content\/uploads\/2019\/06\/03_CNALH_Print-Labels_download-CSV-2-300x251.jpg 300w, https:\/\/help.lichenportal.org\/wp-content\/uploads\/2019\/06\/03_CNALH_Print-Labels_download-CSV-2.jpg 1101w\" sizes=\"auto, (max-width: 1024px) 100vw, 1024px\" \/><figcaption class=\"wp-element-caption\">Download Labels in CSV format<\/figcaption><\/figure>\n\n\n\n<p class=\"has-small-font-size\"><a href=\"#top\">\u2191 volver al inicio<\/a><\/p>\n\n\n\n<p>Incluimos en el archivo Zip este ejemplo de un CSV: <br><em>2018-10-03_ASU_lichen-label_EXAMPLE.csv<\/em>.<\/p>\n\n\n\n<p>Para ejecutar el programa haz doble-clic en el <em>LichenLabler.exe<\/em>. Si usted lo usa frecuentemente puede configurar un acceso directo en su computadora. La primera vez cuando usted utilice el programa usted tiene que configurar la impresora antes de cargar el archivo CSV:<\/p>\n\n\n\n<figure class=\"wp-block-image\"><img loading=\"lazy\" decoding=\"async\" width=\"567\" height=\"366\" src=\"http:\/\/help.lichenportal.org\/wp-content\/uploads\/2019\/07\/01_LichenLabler.jpg\" alt=\"\" class=\"wp-image-548\" srcset=\"https:\/\/help.lichenportal.org\/wp-content\/uploads\/2019\/07\/01_LichenLabler.jpg 567w, https:\/\/help.lichenportal.org\/wp-content\/uploads\/2019\/07\/01_LichenLabler-300x194.jpg 300w\" sizes=\"auto, (max-width: 567px) 100vw, 567px\" \/><figcaption class=\"wp-element-caption\">LichenLabler &#8211; main interface<\/figcaption><\/figure>\n\n\n\n<figure class=\"wp-block-image\"><img loading=\"lazy\" decoding=\"async\" width=\"909\" height=\"519\" src=\"http:\/\/help.lichenportal.org\/wp-content\/uploads\/2019\/07\/03_LichenLabler_open-file-1.jpg\" alt=\"\" class=\"wp-image-552\" srcset=\"https:\/\/help.lichenportal.org\/wp-content\/uploads\/2019\/07\/03_LichenLabler_open-file-1.jpg 909w, https:\/\/help.lichenportal.org\/wp-content\/uploads\/2019\/07\/03_LichenLabler_open-file-1-300x171.jpg 300w\" sizes=\"auto, (max-width: 909px) 100vw, 909px\" \/><figcaption class=\"wp-element-caption\">LichenLabler &#8211; open file<\/figcaption><\/figure>\n\n\n\n<figure class=\"wp-block-image\"><img loading=\"lazy\" decoding=\"async\" width=\"1024\" height=\"523\" src=\"http:\/\/help.lichenportal.org\/wp-content\/uploads\/2019\/07\/03_LichenLabler_print-preview-1024x523.jpg\" alt=\"\" class=\"wp-image-553\" srcset=\"https:\/\/help.lichenportal.org\/wp-content\/uploads\/2019\/07\/03_LichenLabler_print-preview-1024x523.jpg 1024w, https:\/\/help.lichenportal.org\/wp-content\/uploads\/2019\/07\/03_LichenLabler_print-preview-300x153.jpg 300w, https:\/\/help.lichenportal.org\/wp-content\/uploads\/2019\/07\/03_LichenLabler_print-preview.jpg 1356w\" sizes=\"auto, (max-width: 1024px) 100vw, 1024px\" \/><figcaption class=\"wp-element-caption\">Lichen Labler &#8211; print preview<\/figcaption><\/figure>\n\n\n\n<figure class=\"wp-block-image\"><img loading=\"lazy\" decoding=\"async\" width=\"791\" height=\"1024\" src=\"http:\/\/help.lichenportal.org\/wp-content\/uploads\/2019\/07\/02_LichenLabler_Label-example-3-791x1024.jpg\" alt=\"\" class=\"wp-image-556\" srcset=\"https:\/\/help.lichenportal.org\/wp-content\/uploads\/2019\/07\/02_LichenLabler_Label-example-3-791x1024.jpg 791w, https:\/\/help.lichenportal.org\/wp-content\/uploads\/2019\/07\/02_LichenLabler_Label-example-3-232x300.jpg 232w\" sizes=\"auto, (max-width: 791px) 100vw, 791px\" \/><figcaption class=\"wp-element-caption\">LichenLabler &#8211; example label<\/figcaption><\/figure>\n\n\n\n<p class=\"has-small-font-size\"><a href=\"#top\">\u2191 volver al inicio<\/a><\/p>\n\n\n\n<p><strong><font color=\"red\">El programa todav\u00eda es en <em>desarollo<\/em><\/font>. <\/strong><br>Por favor si usted encuentra alg\u00fan error les agradecemos si usted podr\u00eda mandar un reporte al siguiente correo <a href=\"mailto: CHLAL.help@gmail.com\">ConsorcioLiquenes@gmail.com<\/a><\/p>\n","protected":false},"excerpt":{"rendered":"<p>LichenLabler \u2013 un programa de Daryl Lafferty, Arizona State University \u2013 ______________________________________________________________________________________ Nuevo en &#8230; \u2191 volver al inicio Versi\u00f3n 1.10.4En esta versi\u00f3n, los t\u00edtulos &#8220;Lichens of\u2026&#8221; y &#8220;Bryophytes of\u2026&#8221; ahora aparecen centrados entre la marca de plegado izquierda y el c\u00f3digo de barras derecho. Esto significa que incluso los t\u00edtulos m\u00e1s largos suelen caber <a href=\"https:\/\/help.lichenportal.org\/index.php\/es\/recursos\/imprimir-etiquetas\/\" class=\"more-link\">&#8230;<span class=\"screen-reader-text\">  Imprimir Etiquetas<\/span><\/a><\/p>\n","protected":false},"author":2,"featured_media":0,"parent":698,"menu_order":17,"comment_status":"closed","ping_status":"closed","template":"","meta":{"footnotes":""},"class_list":["post-705","page","type-page","status-publish","hentry"],"_links":{"self":[{"href":"https:\/\/help.lichenportal.org\/index.php\/wp-json\/wp\/v2\/pages\/705","targetHints":{"allow":["GET"]}}],"collection":[{"href":"https:\/\/help.lichenportal.org\/index.php\/wp-json\/wp\/v2\/pages"}],"about":[{"href":"https:\/\/help.lichenportal.org\/index.php\/wp-json\/wp\/v2\/types\/page"}],"author":[{"embeddable":true,"href":"https:\/\/help.lichenportal.org\/index.php\/wp-json\/wp\/v2\/users\/2"}],"replies":[{"embeddable":true,"href":"https:\/\/help.lichenportal.org\/index.php\/wp-json\/wp\/v2\/comments?post=705"}],"version-history":[{"count":13,"href":"https:\/\/help.lichenportal.org\/index.php\/wp-json\/wp\/v2\/pages\/705\/revisions"}],"predecessor-version":[{"id":2966,"href":"https:\/\/help.lichenportal.org\/index.php\/wp-json\/wp\/v2\/pages\/705\/revisions\/2966"}],"up":[{"embeddable":true,"href":"https:\/\/help.lichenportal.org\/index.php\/wp-json\/wp\/v2\/pages\/698"}],"wp:attachment":[{"href":"https:\/\/help.lichenportal.org\/index.php\/wp-json\/wp\/v2\/media?parent=705"}],"curies":[{"name":"wp","href":"https:\/\/api.w.org\/{rel}","templated":true}]}}