{"id":698,"date":"2019-08-28T14:44:34","date_gmt":"2019-08-28T21:44:34","guid":{"rendered":"http:\/\/lichenportal.org\/help-resources\/?page_id=698"},"modified":"2019-10-17T16:10:05","modified_gmt":"2019-10-17T23:10:05","slug":"recursos","status":"publish","type":"page","link":"https:\/\/help.lichenportal.org\/index.php\/es\/recursos\/","title":{"rendered":"Recursos"},"content":{"rendered":"\n<p>Los recursos compartidos aqu\u00ed son peque\u00f1os programas \u00fatiles escritos por Daryl Lafferty [(Arizona State University); todas estos programas hasta la fecha est\u00e1n disponibles solamente en ingl\u00e9s]:<\/p>\n\n\n\n<h3 class=\"wp-block-heading\">Imprimir Etiquetas<\/h3>\n\n\n\n<p><a href=\"..\/index.php\/resources-2\/printing-labels\/\">Lichen Labler<\/a> &#8211; programa peque\u00f1o para imprimir etiquetas directamente encima de una hoja de papel (formato carta:  216 x 279 mm); listo para doblarlo en un paquete de muestras (incluyendo marcas para doblar y la opci\u00f3n de imprimir un c\u00f3digo de barra).<\/p>\n\n\n\n<h3 class=\"wp-block-heading\">An\u00e1lisis de Metabolitos Secundarios de L\u00edquenes<\/h3>\n\n\n\n<p><a rel=\"noreferrer noopener\" aria-label=\" (opens in a new tab)\" href=\"..\/index.php\/resources-2\/resources\/\" target=\"_blank\">WinTab 64bit<\/a> &#8211; programa para la interpretaci\u00f3n de placas de capa fina (TLC-plates).<\/p>\n\n\n\n<h3 class=\"wp-block-heading\">Renaming Image Files Automatically<\/h3>\n\n\n\n<p><a rel=\"noreferrer noopener\" aria-label=\" (opens in a new tab)\" href=\"..\/index.php\/resources-2\/renaming-image-files-automatically\/\" target=\"_blank\">Barcode Renamer<\/a> &#8211; programa peque\u00f1o para detectar un c\u00f3digo de barra en un imagen digital y autom\u00e1ticamente reemplazar el nombre de la imagen con el c\u00f3digo de barra como su nombre.<\/p>\n","protected":false},"excerpt":{"rendered":"<p>Los recursos compartidos aqu\u00ed son peque\u00f1os programas \u00fatiles escritos por Daryl Lafferty [(Arizona State University); todas estos programas hasta la fecha est\u00e1n disponibles solamente en ingl\u00e9s]: Imprimir Etiquetas Lichen Labler &#8211; programa peque\u00f1o para imprimir etiquetas directamente encima de una hoja de papel (formato carta: 216 x 279 mm); listo para doblarlo en un paquete <a href=\"https:\/\/help.lichenportal.org\/index.php\/es\/recursos\/\" class=\"more-link\">&#8230;<span class=\"screen-reader-text\">  Recursos<\/span><\/a><\/p>\n","protected":false},"author":6,"featured_media":0,"parent":0,"menu_order":18,"comment_status":"closed","ping_status":"closed","template":"","meta":{"footnotes":""},"class_list":["post-698","page","type-page","status-publish","hentry"],"_links":{"self":[{"href":"https:\/\/help.lichenportal.org\/index.php\/wp-json\/wp\/v2\/pages\/698","targetHints":{"allow":["GET"]}}],"collection":[{"href":"https:\/\/help.lichenportal.org\/index.php\/wp-json\/wp\/v2\/pages"}],"about":[{"href":"https:\/\/help.lichenportal.org\/index.php\/wp-json\/wp\/v2\/types\/page"}],"author":[{"embeddable":true,"href":"https:\/\/help.lichenportal.org\/index.php\/wp-json\/wp\/v2\/users\/6"}],"replies":[{"embeddable":true,"href":"https:\/\/help.lichenportal.org\/index.php\/wp-json\/wp\/v2\/comments?post=698"}],"version-history":[{"count":5,"href":"https:\/\/help.lichenportal.org\/index.php\/wp-json\/wp\/v2\/pages\/698\/revisions"}],"predecessor-version":[{"id":1039,"href":"https:\/\/help.lichenportal.org\/index.php\/wp-json\/wp\/v2\/pages\/698\/revisions\/1039"}],"wp:attachment":[{"href":"https:\/\/help.lichenportal.org\/index.php\/wp-json\/wp\/v2\/media?parent=698"}],"curies":[{"name":"wp","href":"https:\/\/api.w.org\/{rel}","templated":true}]}}