{"id":2,"date":"2019-06-20T02:08:08","date_gmt":"2019-06-20T09:08:08","guid":{"rendered":"http:\/\/biokic1.rc.asu.edu\/lichen\/wordpress\/?page_id=2"},"modified":"2025-12-17T11:35:09","modified_gmt":"2025-12-17T18:35:09","slug":"cnalh-help-resources","status":"publish","type":"page","link":"https:\/\/help.lichenportal.org\/index.php\/en\/cnalh-help-resources\/","title":{"rendered":"CONSORTIUM OF LICHEN HERBARIA"},"content":{"rendered":"\n<p class=\"has-large-font-size\">Help &amp; Resources<\/p>\n\n\n\n<p class=\"has-medium-font-size\"><strong>All resources are made available here at no charge, if you would like to support our work please <a href=\"https:\/\/help.lichenportal.org\/index.php\/en\/supporting-us\/\" data-type=\"link\" data-id=\"https:\/\/help.lichenportal.org\/index.php\/en\/supporting-us\/\" target=\"_blank\" rel=\"noreferrer noopener\">consider donating<\/a>.<\/strong><\/p>\n\n\n\n<p>______________________________________________________________________________________<\/p>\n\n\n\n<p class=\"has-large-font-size\"><strong>November 2025:<\/strong><\/p>\n\n\n\n<p>Instructions on how to install and <a href=\"https:\/\/help.lichenportal.org\/index.php\/en\/running-mytabolites-etc-on-linux-or-mac\/#MacOS\" data-type=\"link\" data-id=\"https:\/\/help.lichenportal.org\/index.php\/en\/running-mytabolites-etc-on-linux-or-mac\/#MacOS\">run Mytabolites from Mac<\/a> have just been updated.<\/p>\n\n\n\n<p>______________________________________________________________________________________<\/p>\n\n\n\n<p class=\"has-large-font-size\"><strong>October 2025:<\/strong><\/p>\n\n\n\n<p>Minor updates for the programs <a href=\"https:\/\/help.lichenportal.org\/index.php\/en\/resources\/printing-labels\/\" data-type=\"link\" data-id=\"https:\/\/help.lichenportal.org\/index.php\/en\/resources\/printing-labels\/\" target=\"_blank\" rel=\"noreferrer noopener\">LichenLabler <\/a>and <a href=\"https:\/\/help.lichenportal.org\/index.php\/en\/analysis-of-secondary-metabolites\/\" target=\"_blank\" rel=\"noreferrer noopener\">Mytabolites<\/a> have been released.<\/p>\n\n\n\n<p>______________________________________________________________________________________<\/p>\n\n\n\n<p class=\"has-large-font-size\"><strong>September 2025:<\/strong><\/p>\n\n\n\n<p><strong>The Help &amp; Resources of the Consortium of Lichen Herbaria is finally back online again!<\/strong><\/p>\n\n\n\n<p>End of July, the Symbiota Server at ASU was attacked by ransomware. To protect ASU online resources, the ASU IT team had to shut the server down. It took several weeks to again restore all Symbiota portals and apply the security patches necessary to prevent future attacks. For the Help &amp; Resources site of the Consortium we had to find a new hosting platform. But finally, we are back online now.<\/p>\n\n\n\n<p>Special thanks to <a href=\"https:\/\/symbiota.org\/about-us\/\" data-type=\"link\" data-id=\"https:\/\/symbiota.org\/about-us\/\" target=\"_blank\" rel=\"noreferrer noopener\"><strong>Greg Post<\/strong> from the Symbiota Support Hub<\/a> for helping with restoring this site !!!<\/p>\n\n\n\n<p>If you find the resources shared here useful, <a href=\"https:\/\/help.lichenportal.org\/index.php\/en\/supporting-us\/\" target=\"_blank\" rel=\"noreferrer noopener\">please consider supporting our site<\/a>. <\/p>\n\n\n\n<p>Thank you!<\/p>\n\n\n\n<p class=\"has-medium-font-size\"><strong><font color=\"red\">NEW also: <\/font><\/strong><br>Instructions to run <a href=\"https:\/\/help.lichenportal.org\/index.php\/en\/running-mytabolites-etc-on-linux-or-mac\/\" data-type=\"link\" data-id=\"https:\/\/help.lichenportal.org\/index.php\/en\/running-mytabolites-etc-on-linux-or-mac\/\" target=\"_blank\" rel=\"noreferrer noopener\">Mytabolites on Linux<\/a> (or MacOS).<\/p>\n\n\n\n<p>______________________________________________________________________________________<\/p>\n\n\n\n<p class=\"has-large-font-size\"><strong>July 2025<\/strong><strong>:<\/strong><\/p>\n\n\n\n<p>If you are interested in building up a collection or learn how to contribute to an existing one, check out our tutorials with recommendations on <a href=\"https:\/\/help.lichenportal.org\/index.php\/en\/2025\/07\/collecting-lichen-specimens\/\" target=\"_blank\" rel=\"noreferrer noopener\">How to Collect<\/a> and <a href=\"https:\/\/help.lichenportal.org\/index.php\/en\/2025\/07\/curating-specimens\/\" data-type=\"link\" data-id=\"https:\/\/help.lichenportal.org\/index.php\/en\/2025\/07\/curating-specimens\/\" target=\"_blank\" rel=\"noreferrer noopener\">How to Curate<\/a> lichen specimens (currently only in English, a Spanish version soon).<\/p>\n\n\n\n<p>______________________________________________________________________________________<\/p>\n\n\n\n<p class=\"has-large-font-size\"><strong>March 2025<\/strong> (#2)<strong>:<\/strong><\/p>\n\n\n\n<p>New versions of the programs <a href=\"https:\/\/help.lichenportal.org\/index.php\/en\/bcrwatcher\/\" target=\"_blank\" rel=\"noreferrer noopener\">BCRWatcher<\/a> &amp; <a href=\"https:\/\/help.lichenportal.org\/index.php\/en\/resources\/printing-labels\/\" target=\"_blank\" rel=\"noreferrer noopener\">LichenLabler<\/a> are now available for download from the <a href=\"https:\/\/help.lichenportal.org\/index.php\/en\/cnalh-help-resources\/\" target=\"_blank\" rel=\"noreferrer noopener\">Help &amp; Resources<\/a> pages of the Consortium of Lichen Herbaria.<\/p>\n\n\n\n<p>______________________________________________________________________________________<\/p>\n\n\n\n<p class=\"has-large-font-size\"><strong>March 2025<\/strong> (#1)<strong>:<\/strong><\/p>\n\n\n\n<p><strong>The Lichen Flora of the Greater Sonoran Desert Region<\/strong> can now be purchased <a href=\"https:\/\/help.lichenportal.org\/index.php\/en\/sonoran-desert-lichens\/\" data-type=\"link\" data-id=\"https:\/\/help.lichenportal.org\/index.php\/en\/sonoran-desert-lichens\/\">here<\/a>.<\/p>\n\n\n\n<p>Unfortunately, Volume III is now out-of-print.&nbsp;Therefore, PDFs of all three volumes are also available for download.<\/p>\n\n\n\n<p>______________________________________________________________________________________<\/p>\n\n\n\n<p class=\"has-large-font-size\"><strong>February 2025:<\/strong><\/p>\n\n\n\n<p><strong>Mytabolites 1.1.2.0 has just been launched. It is strongly recommended that you <a href=\"https:\/\/help.lichenportal.org\/index.php\/en\/analysis-of-secondary-metabolites\/\" data-type=\"link\" data-id=\"https:\/\/help.lichenportal.org\/index.php\/en\/analysis-of-secondary-metabolites\/\">upgrade<\/a>!<\/strong><\/p>\n\n\n\n<p>With the launch of Symbiota 3.1 Mytabolites now uses Symbiota&#8217;s built-in <em>Application Programming Interface<\/em> (API) to retrieve data from the server. Mytabolites 1.1.2.0 is more stable and updating routines run faster. There are also few minor bug fixes and functionality improvements.<\/p>\n\n\n\n<p><font color=\"red\">When you try updating updating the database using version 1.0.5.1. the program returns an error and you will end up using an incomplete set of data.<\/font> <\/p>\n\n\n\n<p>[<strong>February 19 \u2013 minor update:<\/strong> newest version is now <strong>1.1.2.3<\/strong>; it now includes a backup routine of the database]<\/p>\n\n\n\n<p>______________________________________________________________________________________<\/p>\n\n\n\n<p class=\"has-large-font-size\"><strong>November 2024:<\/strong><\/p>\n\n\n\n<p class=\"has-medium-font-size\"><em><strong>Workflow for the Analysis of Lichen Secondary Metabolites<\/strong><\/em><\/p>\n\n\n\n<p>Thanks to Mar\u00eda de los \u00c1ngeles Herrera Campos (M\u00e9xico) and Alba Y\u00e1nez-Ayabaca (Ecuador) we now share a <a href=\"https:\/\/help.lichenportal.org\/index.php\/en\/workflow-for-the-analysis-of-lichen-secondary-metabolites\/\" data-type=\"link\" data-id=\"https:\/\/help.lichenportal.org\/index.php\/en\/workflow-for-the-analysis-of-lichen-secondary-metabolites\/\" target=\"_blank\" rel=\"noreferrer noopener\">Workflow for the Analysis of Lichen Secondary Metabolites<\/a>, documenting in detail a protocol using thin-layer chromatography in combination with the program <a href=\"https:\/\/help.lichenportal.org\/index.php\/en\/analysis-of-secondary-metabolites\/\" data-type=\"link\" data-id=\"https:\/\/help.lichenportal.org\/index.php\/en\/analysis-of-secondary-metabolites\/\" target=\"_blank\" rel=\"noreferrer noopener\">Mytabolites<\/a>, developed at the ASU Lichen Herbarium.<\/p>\n\n\n\n<p>______________________________________________________________________________________<\/p>\n\n\n\n<p class=\"has-medium-font-size\"><strong><em>New Program Versions Launched<\/em><\/strong><\/p>\n\n\n\n<p>New versions of the following programs are now available for download: <a href=\"https:\/\/help.lichenportal.org\/index.php\/en\/resources\/printing-labels\/\" data-type=\"link\" data-id=\"https:\/\/help.lichenportal.org\/index.php\/en\/resources\/printing-labels\/\" target=\"_blank\" rel=\"noreferrer noopener\">LichenLabler <\/a>(to print labels) and <a href=\"https:\/\/help.lichenportal.org\/index.php\/en\/bcrwatcher\/\" target=\"_blank\" rel=\"noreferrer noopener\">BCRWatcher<\/a> (a program that automatically renames image files using its barcode, also including image metadata).<\/p>\n\n\n\n<p>______________________________________________________________________________________<\/p>\n\n\n\n<p class=\"has-large-font-size\"><strong>October 2024:<\/strong> <\/p>\n\n\n\n<p class=\"has-medium-font-size\"><strong><em>Workshop GLAL XVI<\/em><\/strong><\/p>\n\n\n\n<p>As part of the <em>XVI meeting of the<\/em><strong><em> Grupo Latinoamericano de Liquen\u00f3logos<\/em><\/strong> (<a href=\"https:\/\/www.ib.unam.mx\/ib\/GLAL_XVI\/\" target=\"_blank\" rel=\"noreferrer noopener\">GLAL XVI<\/a>) we had a great in-person workshop in Mexico City on how to use Symbiota Tools in the Consortium of Lichen Herbaria to assemble advanced species checklists.<\/p>\n\n\n\n<p>A special thanks to everyone who helped organize and teach the workshop:<\/p>\n\n\n\n<ul class=\"wp-block-list\">\n<li class=\"has-small-font-size\" style=\"font-style:normal;font-weight:700\">Maria de los \u00c1ngeles (Marusa) Herrera Campos<\/li>\n\n\n\n<li class=\"has-small-font-size\" style=\"font-style:normal;font-weight:700\">Rosa Emilia (Rosy) P\u00e9rez P\u00e9rez<\/li>\n\n\n\n<li class=\"has-small-font-size\" style=\"font-style:normal;font-weight:700\">Ricardo Miranda<\/li>\n\n\n\n<li class=\"has-small-font-size\" style=\"font-style:normal;font-weight:700\">Norberto S\u00e1nchez<\/li>\n\n\n\n<li class=\"has-small-font-size\" style=\"font-style:normal;font-weight:700\">Eduardo (Guti) Gutierrez<\/li>\n<\/ul>\n\n\n\n<p>Detailed Instructions for creating advanced checklist (in English) are available <a href=\"https:\/\/help.lichenportal.org\/index.php\/en\/2024\/08\/workflow-for-creating-advanced-checklists\/\">here<\/a>.<\/p>\n\n\n\n<p>______________________________________________________________________________________<\/p>\n\n\n\n<p class=\"has-large-font-size\"><strong>July 2024:<\/strong> <\/p>\n\n\n\n<p class=\"has-medium-font-size\"><em><strong>Launch of Mytabolites<\/strong><\/em><\/p>\n\n\n\n<p><a href=\"https:\/\/help.lichenportal.org\/index.php\/en\/analysis-of-secondary-metabolites\/\" data-type=\"link\" data-id=\"https:\/\/help.lichenportal.org\/index.php\/en\/analysis-of-secondary-metabolites\/\" target=\"_blank\" rel=\"noreferrer noopener\">Mytabolites<\/a> \u2013 a completely revised program for the analysis of lichen secondary metabolites using thin-layer chromatography plates has just been launched (available only for Windows, not Linux or MacOS).<\/p>\n\n\n\n<p>The program is based on the original concept of <em>Wintabolites<\/em>, a 16 bit program published by E. Mietzsch, H.T. Lumbsch &amp; J.A. Elix. <em>Mytabolites <\/em>includes the most recent chromatography data from the Catalog by J.A. ELix, it provides access to chromatograms by F. Schumm, and it integrates with the database from the Consortium of Lichen Herbaria to browse, which secondary metabolites have been reported for species featured in the Consortium.<\/p>\n\n\n\n<p>You can download the program <a href=\"https:\/\/help.lichenportal.org\/index.php\/en\/analysis-of-secondary-metabolites\/\" data-type=\"link\" data-id=\"https:\/\/help.lichenportal.org\/index.php\/en\/analysis-of-secondary-metabolites\/\">here<\/a>. We much welcome bug reports and suggestions: <a href=\"mailto:LichenConsortium@gmail.com\" target=\"_blank\" rel=\"noreferrer noopener\">LichenConsortium@gmail.com<\/a> <\/p>\n\n\n\n<p>______________________________________________________________________________________<\/p>\n\n\n\n<p class=\"has-large-font-size\"><strong>Previous News:<\/strong><\/p>\n\n\n\n<p><strong>February 2022: <\/strong>ASU just launched a new <a href=\"https:\/\/biokic.github.io\/symbiota-docs\/\" target=\"_blank\" rel=\"noreferrer noopener\">Symbiota Documentation Website<\/a>, in three languages &#8211; English, French, and Spanish !!!<\/p>\n\n\n\n<p><font color=\"red\"><strong>Check out out the <a href=\"https:\/\/github.com\/BioKIC\/Symbiota-light\/raw\/master\/docs\/SymbiotaGuide_v5.pdf\">New Symbiota User Guide<\/a> <\/strong><\/font>by Katie Pearson (CCH2, CNALH &amp; CNABH Portal Manager).<br><br><font color=\"red\"><strong>We also have a new Symbiota <\/strong><a href=\"https:\/\/www.youtube.com\/channel\/UC7glMVLRnTA6ES3VTsci7iQ\"><strong>YouTube Channel<\/strong><\/a><\/font><a href=\"https:\/\/www.youtube.com\/channel\/UC7glMVLRnTA6ES3VTsci7iQ\">,<\/a> with many useful tutorials how biodiversity data portals designed in Symbiota work !!!<\/p>\n\n\n\n<h4 class=\"wp-block-heading\"><strong>Welcome to Help &amp; Resources <\/strong>for the <em>Consortium of North American Lichen Herbaria<\/em>.<\/h4>\n\n\n\n<p>Here you can download <strong>Resources <\/strong>and visit <strong>Tutorials <\/strong>to learn how to manage your data within the lichen portal.<\/p>\n\n\n\n<p>The <em>Consortium of North American Lichen Herbaria<\/em> is a biodiversity platform built on <a rel=\"noreferrer noopener\" aria-label=\"Symbiota (opens in a new tab)\" href=\"http:\/\/symbiota.org\/docs\/\" target=\"_blank\">Symbiota<\/a>, an open source <em>content management system<\/em> for curating specimen- and observation-based biodiversity data. <\/p>\n\n\n\n<p>To participate as an individual user please register at <a href=\"http:\/\/lichenportal.org\/cnalh\/\" target=\"_blank\" rel=\"noreferrer noopener\" aria-label=\"http:\/\/lichenportal.org\/cnalh\/ (opens in a new tab)\">http:\/\/lichenportal.org\/cnalh\/<\/a>.<\/p>\n\n\n\n<p>If your institution is interested to join, you will still need to register a user account and contact  <a aria-label=\" (opens in a new tab)\" href=\"mailto:CNALH.help@gmail.com\">CNALH.help@gmail.com<\/a>, to set up a new collection and upload specimen data.<\/p>\n\n\n\n<h2 class=\"wp-block-heading\">Introduction<\/h2>\n\n\n\n<p>The <em>Consortium <\/em>manages three types of biodiversity data o<em>f Lichen-forming, Lichenicolous &amp; Allied Fungi<\/em>:<\/p>\n\n\n\n<ul class=\"wp-block-list\">\n<li><strong>Occurrence Records<\/strong>: <br>These are mostly dried, <em>preserved herbarium specimens<\/em>, but could also refer to <em>permanent microscope slide mounts<\/em>, <em>photographs <\/em>and even <em>observational records<\/em>. The <em>Consortium <\/em>hosts both <strong>live data <\/strong>sets, where specimen data are<em> exclusively managed online<\/em> and <strong>snapshot data<\/strong> sets, where participating institutions <em>manage data offline <\/em>and contribute regular updates. About 70% of all collections manage their data live in CNALH.<br>Everyone can browse and download occurrence records (records of rare &amp; threatened may be hidden from the public and can only be accessed by users with privileges to view these records).<br><strong>To edit occurrence records you need to be affiliated with a particular institution.<\/strong> Contact   <a href=\"mailto:CNALH.help@gmail.com\">CNALH.help@gmail.com<\/a>  if you need admin or editor rights for a particular collection.<br>Individuals not affiliated with any institution can ask to manage their private collections within <strong>Observations &amp; Personal Collections<\/strong>.<\/li>\n\n\n\n<li><strong>Checklist Records:<\/strong> <br>Checklists are powerful tools to use occurrence records to compile species lists based on verified specimen vouchers for a particular region (local, national, international). <strong>Any registered user can compile his\/her own checklists<\/strong> and assign other registered users editor rights to collaborate with editing these lists. <br>Checklists are dynamic; an editor can regularly update the list. New records can be uploaded in batch and a powerful voucher-tool facilitates adding new occurrences from a particular region to the list.<br>Checklists can be downloaded in CSV format and as Word document, a format that requires little additional editing for a snapshot of the checklist to be submitted to a peer-reviewed journal.<\/li>\n\n\n\n<li><strong>Taxonomic Records:<\/strong><br>The backbone that connects occurrence data from the specimen database with checklists is the <strong>Taxonomic Thesaurus<\/strong>. In the Checklists you can switch between your personally preferred taxonomy (the original way how you compiled the list) and the central thesaurus (i.e., the way the system manages synonymies).<br>The Taxonomic Thesaurus manages, which taxon names are accepted, and which ones considered synonyms. A limited group of users has editor rights to manage this thesaurus (add new names, update existing ones and adjust synonymies). <strong>All users can <em>browse <\/em>the Taxonomic Thesaurus.<\/strong> Collection Managers with admin rights for a particular collection also have access to a<strong> Taxonomic Name Cleaner <\/strong>that uses the Thesaurus to correct and update erroneous names associated with occurrence records.<\/li>\n<\/ul>\n\n\n\n<p>Once you have registered and logged in at <a href=\"http:\/\/lichenportal.org\/cnalh\/\" target=\"_blank\" rel=\"noreferrer noopener\" aria-label=\" (opens in a new tab)\">http:\/\/lichenportal.org\/<\/a>, you will have access to <strong>My Profile<\/strong>, which lists three tabs: <em><strong>Species Checklists | Specimen Management |User Profile<\/strong><\/em>.<br>The first two tabs allow you to manage occurrence and checklist records, in the last tab you can manage your personal information. Profile for each user look different according to the privileges assigned to an account. <\/p>\n\n\n\n<p>Please also check out <a href=\"http:\/\/lichenportal.org\/cnalh\/sitemap.php\" target=\"_blank\" rel=\"noreferrer noopener\" aria-label=\" (opens in a new tab)\">Sitemap<\/a>. When you are logged in you may have access to some Administrative Tools, depending on the user privileges you have been assigned.<\/p>\n\n\n\n<p>If you are a new participant &#8211;<strong> welcome to CNALH !!!<\/strong> We hope you find the Help &amp; Resources pages useful to get familiar with the system.<\/p>\n\n\n\n<p>If you are an experienced CNALH you are welcome to contribute to this Help &amp; Resources site, please send a request for a login to  <a href=\"mailto:CNALH.help@gmail.com\">CNALH.help@gmail.com<\/a>.<\/p>\n","protected":false},"excerpt":{"rendered":"<p>Help &amp; Resources All resources are made available here at no charge, if you would like to support our work please consider donating. ______________________________________________________________________________________ November 2025: Instructions on how to install and run Mytabolites from Mac have just been updated. ______________________________________________________________________________________ October 2025: Minor updates for the programs LichenLabler and Mytabolites have been released. ______________________________________________________________________________________ <a href=\"https:\/\/help.lichenportal.org\/index.php\/en\/cnalh-help-resources\/\" class=\"more-link\">&#8230;<span class=\"screen-reader-text\">  CONSORTIUM OF LICHEN HERBARIA<\/span><\/a><\/p>\n","protected":false},"author":1,"featured_media":0,"parent":0,"menu_order":0,"comment_status":"closed","ping_status":"closed","template":"","meta":{"footnotes":""},"class_list":["post-2","page","type-page","status-publish","hentry"],"_links":{"self":[{"href":"https:\/\/help.lichenportal.org\/index.php\/wp-json\/wp\/v2\/pages\/2","targetHints":{"allow":["GET"]}}],"collection":[{"href":"https:\/\/help.lichenportal.org\/index.php\/wp-json\/wp\/v2\/pages"}],"about":[{"href":"https:\/\/help.lichenportal.org\/index.php\/wp-json\/wp\/v2\/types\/page"}],"author":[{"embeddable":true,"href":"https:\/\/help.lichenportal.org\/index.php\/wp-json\/wp\/v2\/users\/1"}],"replies":[{"embeddable":true,"href":"https:\/\/help.lichenportal.org\/index.php\/wp-json\/wp\/v2\/comments?post=2"}],"version-history":[{"count":76,"href":"https:\/\/help.lichenportal.org\/index.php\/wp-json\/wp\/v2\/pages\/2\/revisions"}],"predecessor-version":[{"id":3511,"href":"https:\/\/help.lichenportal.org\/index.php\/wp-json\/wp\/v2\/pages\/2\/revisions\/3511"}],"wp:attachment":[{"href":"https:\/\/help.lichenportal.org\/index.php\/wp-json\/wp\/v2\/media?parent=2"}],"curies":[{"name":"wp","href":"https:\/\/api.w.org\/{rel}","templated":true}]}}