{"id":1954,"date":"2024-07-16T12:09:06","date_gmt":"2024-07-16T19:09:06","guid":{"rendered":"https:\/\/help.lichenportal.org\/?page_id=1954"},"modified":"2025-07-17T11:06:42","modified_gmt":"2025-07-17T18:06:42","slug":"apoyanos","status":"publish","type":"page","link":"https:\/\/help.lichenportal.org\/index.php\/es\/apoyanos\/","title":{"rendered":"Apoyanos"},"content":{"rendered":"\n<p>Todos los recursos disponibles a trav\u00e9s del <em>Consorcio de Herbarios de L\u00edquenes<\/em> est\u00e1n disponibles gratuitamente. A\u00fan as\u00ed, ninguno de estos recursos pueden ser desarrollado sin financiamiento. Si usted utiliza estos recursos con frecuencia, tal vez puede considerar donar algunos fondos <strong>para apoyar nuestro trabajo<\/strong>.<\/p>\n\n\n\n<p>Se puede realizar donaciones a trav\u00e9s de la <a href=\"https:\/\/www.asufoundation.org\/education-and-scholarship\/donor-named-funds\/az-biocollections-and-biodiversity-informatics-center-at-asu-alameda-facility-CA100238.html\" data-type=\"link\" data-id=\"https:\/\/www.asufoundation.org\/education-and-scholarship\/donor-named-funds\/az-biocollections-and-biodiversity-informatics-center-at-asu-alameda-facility-CA100238.html\" target=\"_blank\" rel=\"noreferrer noopener\">Fundaci\u00f3n ASU<\/a>.<\/p>\n\n\n\n<p>Las donaciones al sitio generalmente financian todas las Biocolecciones de la ASU. Estamos trabajando con la Fundaci\u00f3n para a\u00f1adir una opci\u00f3n que permita destinar su donaci\u00f3n a un fin espec\u00edfico.<\/p>\n\n\n\n<p>Hasta entonces, para asegurar que sus fondos<strong> apoyen directamente al Consorcio de Herbarios de L\u00edquenes<\/strong>, env\u00edenos un <a href=\"mailto:elizabeth.makings@asu.edu;bungartz@asu.edu?subject=ASU Foundation Donation for the Consortium of Lichen Herbaria\">correo electr\u00f3nico<\/a>.<\/p>\n\n\n\n<p>En el asunto, incluya: <em><strong><em><strong>Donation for the Consortium of Lichen Herbaria<\/strong><\/em><\/strong><\/em>. En el cuerpo del correo electr\u00f3nico, <em><strong>no olvide incluir la cantidad donada<\/strong><\/em>.<\/p>\n\n\n\n<p>Agradecemos enormemente a su apoyo.<\/p>\n\n\n\n<p><strong>\u00a1\u00a1\u00a1Gracias por su consideraci\u00f3n!!!<\/strong><\/p>\n","protected":false},"excerpt":{"rendered":"<p>Todos los recursos disponibles a trav\u00e9s del Consorcio de Herbarios de L\u00edquenes est\u00e1n disponibles gratuitamente. A\u00fan as\u00ed, ninguno de estos recursos pueden ser desarrollado sin financiamiento. Si usted utiliza estos recursos con frecuencia, tal vez puede considerar donar algunos fondos para apoyar nuestro trabajo. Se puede realizar donaciones a trav\u00e9s de la Fundaci\u00f3n ASU. Las <a href=\"https:\/\/help.lichenportal.org\/index.php\/es\/apoyanos\/\" class=\"more-link\">&#8230;<span class=\"screen-reader-text\">  Apoyanos<\/span><\/a><\/p>\n","protected":false},"author":2,"featured_media":0,"parent":0,"menu_order":12,"comment_status":"closed","ping_status":"closed","template":"","meta":{"footnotes":""},"class_list":["post-1954","page","type-page","status-publish","hentry"],"_links":{"self":[{"href":"https:\/\/help.lichenportal.org\/index.php\/wp-json\/wp\/v2\/pages\/1954","targetHints":{"allow":["GET"]}}],"collection":[{"href":"https:\/\/help.lichenportal.org\/index.php\/wp-json\/wp\/v2\/pages"}],"about":[{"href":"https:\/\/help.lichenportal.org\/index.php\/wp-json\/wp\/v2\/types\/page"}],"author":[{"embeddable":true,"href":"https:\/\/help.lichenportal.org\/index.php\/wp-json\/wp\/v2\/users\/2"}],"replies":[{"embeddable":true,"href":"https:\/\/help.lichenportal.org\/index.php\/wp-json\/wp\/v2\/comments?post=1954"}],"version-history":[{"count":9,"href":"https:\/\/help.lichenportal.org\/index.php\/wp-json\/wp\/v2\/pages\/1954\/revisions"}],"predecessor-version":[{"id":3172,"href":"https:\/\/help.lichenportal.org\/index.php\/wp-json\/wp\/v2\/pages\/1954\/revisions\/3172"}],"wp:attachment":[{"href":"https:\/\/help.lichenportal.org\/index.php\/wp-json\/wp\/v2\/media?parent=1954"}],"curies":[{"name":"wp","href":"https:\/\/api.w.org\/{rel}","templated":true}]}}